{"id":11,"date":"2014-10-29T17:15:40","date_gmt":"2014-10-29T16:15:40","guid":{"rendered":"http:\/\/www.csolana.es\/es_ES\/?page_id=11"},"modified":"2016-10-17T11:47:32","modified_gmt":"2016-10-17T10:47:32","slug":"ofertas","status":"publish","type":"page","link":"https:\/\/www.csolana.es\/es_ES\/ofertas\/","title":{"rendered":"Ofertas"},"content":{"rendered":"<h2><a href=\"http:\/\/www.csolana.es\/es_ES\/wp-content\/uploads\/2015\/01\/Ideas-de-Banos-Elegantes_960.jpg\"><img loading=\"lazy\" class=\" wp-image-374 alignleft\" src=\"http:\/\/www.csolana.es\/es_ES\/wp-content\/uploads\/2015\/01\/Ideas-de-Banos-Elegantes_960.jpg\" alt=\"Ideas-de-Banos-Elegantes_960\" width=\"503\" height=\"181\" srcset=\"https:\/\/www.csolana.es\/es_ES\/wp-content\/uploads\/2015\/01\/Ideas-de-Banos-Elegantes_960.jpg 960w, https:\/\/www.csolana.es\/es_ES\/wp-content\/uploads\/2015\/01\/Ideas-de-Banos-Elegantes_960-300x108.jpg 300w\" sizes=\"(max-width: 503px) 100vw, 503px\" \/><\/a><\/h2>\n<h2>Reforma de\u00a0 ba\u00f1o<\/h2>\n<h4>Incluye:<\/h4>\n<ul>\n<li>Alba\u00f1iler\u00eda<\/li>\n<li>Solado Y Alicatado<\/li>\n<li>Acople de inodoro<\/li>\n<li>Plato de ducha hasta 100 cm<\/li>\n<li>Retirada de escombro<\/li>\n<\/ul>\n<h2><a href=\"http:\/\/www.csolana.es\/es_ES\/wp-content\/uploads\/2015\/01\/kueche5-4190_head.jpg\"><img loading=\"lazy\" class=\" wp-image-380 alignleft\" src=\"http:\/\/www.csolana.es\/es_ES\/wp-content\/uploads\/2015\/01\/kueche5-4190_head.jpg\" alt=\"kueche5-4190_head\" width=\"491\" height=\"279\" srcset=\"https:\/\/www.csolana.es\/es_ES\/wp-content\/uploads\/2015\/01\/kueche5-4190_head.jpg 650w, https:\/\/www.csolana.es\/es_ES\/wp-content\/uploads\/2015\/01\/kueche5-4190_head-300x171.jpg 300w\" sizes=\"(max-width: 491px) 100vw, 491px\" \/><\/a>\u00a0Reforma de cocina<\/h2>\n<h4>\u00a0Incluye:<\/h4>\n<ul>\n<li>Solado y Alicatado hasta 25 m2<\/li>\n<li>Fontaneria, electricidad y pintura de techo<\/li>\n<li>Material de azulejo<\/li>\n<li>Conexi\u00f3n de fregadero<\/li>\n<li>Retirada de escombros<\/li>\n<\/ul>\n<h2><a href=\"http:\/\/www.csolana.es\/es_ES\/wp-content\/uploads\/2014\/12\/mampara-accesorios-202-ok_fullblock-inner-612x282.jpg\"><img loading=\"lazy\" class=\" wp-image-374 alignleft\" src=\"http:\/\/www.csolana.es\/es_ES\/wp-content\/uploads\/2014\/12\/mampara-accesorios-202-ok_fullblock-inner-612x282.jpg\" alt=\"\" width=\"491\" height=\"227\" \/><\/a><\/h2>\n<h2><\/h2>\n<h2><\/h2>\n<p>&nbsp;<\/p>\n<h2>Cambio de ba\u00f1era por plato de ducha en 24 horas<\/h2>\n<h4>Incluye:<\/h4>\n<ul>\n<li>Alba\u00f1ileria<\/li>\n<li>Fontaneria<\/li>\n<li>Azulejo similar<\/li>\n<li>Plato de ducha hasta 100 cm<\/li>\n<li>Retirada de escombros<br \/>\n<h2><\/h2>\n<\/li>\n<\/ul>\n","protected":false},"excerpt":{"rendered":"<p>Reforma de\u00a0 ba\u00f1o Incluye: Alba\u00f1iler\u00eda Solado Y Alicatado Acople de inodoro Plato de ducha hasta 100 cm Retirada de escombro \u00a0Reforma de cocina \u00a0Incluye: Solado y Alicatado hasta 25 m2 Fontaneria, electricidad y pintura de techo Material de azulejo Conexi\u00f3n de fregadero Retirada de escombros &nbsp; Cambio de ba\u00f1era por plato de ducha en 24 &#8230; <a title=\"Ofertas\" class=\"read-more\" href=\"https:\/\/www.csolana.es\/es_ES\/ofertas\/\" aria-label=\"M\u00e1s en Ofertas\">Leer m\u00e1s<\/a><\/p>\n","protected":false},"author":1,"featured_media":0,"parent":0,"menu_order":0,"comment_status":"closed","ping_status":"closed","template":"template-full-width.php","meta":[],"_links":{"self":[{"href":"https:\/\/www.csolana.es\/es_ES\/wp-json\/wp\/v2\/pages\/11"}],"collection":[{"href":"https:\/\/www.csolana.es\/es_ES\/wp-json\/wp\/v2\/pages"}],"about":[{"href":"https:\/\/www.csolana.es\/es_ES\/wp-json\/wp\/v2\/types\/page"}],"author":[{"embeddable":true,"href":"https:\/\/www.csolana.es\/es_ES\/wp-json\/wp\/v2\/users\/1"}],"replies":[{"embeddable":true,"href":"https:\/\/www.csolana.es\/es_ES\/wp-json\/wp\/v2\/comments?post=11"}],"version-history":[{"count":47,"href":"https:\/\/www.csolana.es\/es_ES\/wp-json\/wp\/v2\/pages\/11\/revisions"}],"predecessor-version":[{"id":691,"href":"https:\/\/www.csolana.es\/es_ES\/wp-json\/wp\/v2\/pages\/11\/revisions\/691"}],"wp:attachment":[{"href":"https:\/\/www.csolana.es\/es_ES\/wp-json\/wp\/v2\/media?parent=11"}],"curies":[{"name":"wp","href":"https:\/\/api.w.org\/{rel}","templated":true}]}}