{"id":33,"date":"2014-10-29T17:51:58","date_gmt":"2014-10-29T16:51:58","guid":{"rendered":"http:\/\/www.csolana.es\/es_ES\/?page_id=33"},"modified":"2015-01-10T15:22:53","modified_gmt":"2015-01-10T14:22:53","slug":"carpinteria-de-aluminio","status":"publish","type":"page","link":"https:\/\/www.csolana.es\/es_ES\/servicios\/carpinteria-de-aluminio\/","title":{"rendered":"Carpinteria de aluminio"},"content":{"rendered":"<h4 style=\"text-align: left;\">Sus ventanas estar\u00e1n garantizadas con materiales de primera,\u00a0le ofrecemos una amplia variedad de productos y acabados.<\/h4>\n<ul>\n<li style=\"text-align: left;\">Perfiler\u00eda en serie Europea, RPT y\u00a0Correderas.<\/li>\n<li style=\"text-align: left;\">Abatibles.<\/li>\n<li style=\"text-align: left;\">Oscilo batiente.<\/li>\n<li style=\"text-align: left;\">Contraventanas.<\/li>\n<li style=\"text-align: left;\">Rotura Puente T\u00e9rmico.<\/li>\n<li style=\"text-align: left;\">Cerramientos de Terraza.<\/li>\n<li style=\"text-align: left;\">Techos m\u00f3viles<\/li>\n<li style=\"text-align: left;\">Medici\u00f3n, instalaci\u00f3n de Cerramiento de Terraza<\/li>\n<li style=\"text-align: left;\">Suministro e instalaci\u00f3n de Mallorquinas y celos\u00edas<\/li>\n<li style=\"text-align: left;\">Mosquiteras.<\/li>\n<\/ul>\n<p>[metaslider id=347]<\/p>\n","protected":false},"excerpt":{"rendered":"<p>Sus ventanas estar\u00e1n garantizadas con materiales de primera,\u00a0le ofrecemos una amplia variedad de productos y acabados. Perfiler\u00eda en serie Europea, RPT y\u00a0Correderas. Abatibles. Oscilo batiente. Contraventanas. Rotura Puente T\u00e9rmico. Cerramientos de Terraza. Techos m\u00f3viles Medici\u00f3n, instalaci\u00f3n de Cerramiento de Terraza Suministro e instalaci\u00f3n de Mallorquinas y celos\u00edas Mosquiteras. [metaslider id=347]<\/p>\n","protected":false},"author":1,"featured_media":0,"parent":7,"menu_order":0,"comment_status":"closed","ping_status":"closed","template":"template-full-width.php","meta":[],"_links":{"self":[{"href":"https:\/\/www.csolana.es\/es_ES\/wp-json\/wp\/v2\/pages\/33"}],"collection":[{"href":"https:\/\/www.csolana.es\/es_ES\/wp-json\/wp\/v2\/pages"}],"about":[{"href":"https:\/\/www.csolana.es\/es_ES\/wp-json\/wp\/v2\/types\/page"}],"author":[{"embeddable":true,"href":"https:\/\/www.csolana.es\/es_ES\/wp-json\/wp\/v2\/users\/1"}],"replies":[{"embeddable":true,"href":"https:\/\/www.csolana.es\/es_ES\/wp-json\/wp\/v2\/comments?post=33"}],"version-history":[{"count":10,"href":"https:\/\/www.csolana.es\/es_ES\/wp-json\/wp\/v2\/pages\/33\/revisions"}],"predecessor-version":[{"id":432,"href":"https:\/\/www.csolana.es\/es_ES\/wp-json\/wp\/v2\/pages\/33\/revisions\/432"}],"up":[{"embeddable":true,"href":"https:\/\/www.csolana.es\/es_ES\/wp-json\/wp\/v2\/pages\/7"}],"wp:attachment":[{"href":"https:\/\/www.csolana.es\/es_ES\/wp-json\/wp\/v2\/media?parent=33"}],"curies":[{"name":"wp","href":"https:\/\/api.w.org\/{rel}","templated":true}]}}