{"id":35,"date":"2014-10-29T17:52:13","date_gmt":"2014-10-29T16:52:13","guid":{"rendered":"http:\/\/www.csolana.es\/es_ES\/?page_id=35"},"modified":"2015-01-29T01:36:37","modified_gmt":"2015-01-29T00:36:37","slug":"carpinteria-de-madera","status":"publish","type":"page","link":"https:\/\/www.csolana.es\/es_ES\/servicios\/carpinteria-de-madera\/","title":{"rendered":"Carpinteria de madera"},"content":{"rendered":"<h2>Carpinter\u00eda de Madera<img loading=\"lazy\" class=\"  wp-image-136 alignright\" src=\"http:\/\/www.csolana.es\/es_ES\/wp-content\/uploads\/2014\/12\/carpinteria_madera_01.jpg\" alt=\"carpinteria_madera_01\" width=\"592\" height=\"296\" srcset=\"https:\/\/www.csolana.es\/es_ES\/wp-content\/uploads\/2014\/12\/carpinteria_madera_01.jpg 600w, https:\/\/www.csolana.es\/es_ES\/wp-content\/uploads\/2014\/12\/carpinteria_madera_01-300x150.jpg 300w, https:\/\/www.csolana.es\/es_ES\/wp-content\/uploads\/2014\/12\/carpinteria_madera_01-250x125.jpg 250w, https:\/\/www.csolana.es\/es_ES\/wp-content\/uploads\/2014\/12\/carpinteria_madera_01-150x75.jpg 150w\" sizes=\"(max-width: 592px) 100vw, 592px\" \/><\/h2>\n<ul>\n<li>Instalaci\u00f3n de puertas, molduras manivelas<\/li>\n<li>Instalaci\u00f3n de rodapi\u00e9<\/li>\n<li>Instalaci\u00f3n de puertas correderas o deslizantes sobre sistema casoneto (embutida)<\/li>\n<li>Instalaci\u00f3n de tarima y parquet.<\/li>\n<li>Instalaci\u00f3n de puertas acorazadas.<\/li>\n<li>Frentes de Armarios e interiores a medida.<\/li>\n<li>Colocaci\u00f3n de friso, sobre r\u00e1streles sujetos a pared<\/li>\n<li>Madera para exterior tratada.<\/li>\n<\/ul>\n<p>&nbsp;<\/p>\n","protected":false},"excerpt":{"rendered":"<p>Carpinter\u00eda de Madera Instalaci\u00f3n de puertas, molduras manivelas Instalaci\u00f3n de rodapi\u00e9 Instalaci\u00f3n de puertas correderas o deslizantes sobre sistema casoneto (embutida) Instalaci\u00f3n de tarima y parquet. Instalaci\u00f3n de puertas acorazadas. Frentes de Armarios e interiores a medida. Colocaci\u00f3n de friso, sobre r\u00e1streles sujetos a pared Madera para exterior tratada. &nbsp;<\/p>\n","protected":false},"author":1,"featured_media":0,"parent":7,"menu_order":0,"comment_status":"closed","ping_status":"closed","template":"template-full-width.php","meta":[],"_links":{"self":[{"href":"https:\/\/www.csolana.es\/es_ES\/wp-json\/wp\/v2\/pages\/35"}],"collection":[{"href":"https:\/\/www.csolana.es\/es_ES\/wp-json\/wp\/v2\/pages"}],"about":[{"href":"https:\/\/www.csolana.es\/es_ES\/wp-json\/wp\/v2\/types\/page"}],"author":[{"embeddable":true,"href":"https:\/\/www.csolana.es\/es_ES\/wp-json\/wp\/v2\/users\/1"}],"replies":[{"embeddable":true,"href":"https:\/\/www.csolana.es\/es_ES\/wp-json\/wp\/v2\/comments?post=35"}],"version-history":[{"count":6,"href":"https:\/\/www.csolana.es\/es_ES\/wp-json\/wp\/v2\/pages\/35\/revisions"}],"predecessor-version":[{"id":425,"href":"https:\/\/www.csolana.es\/es_ES\/wp-json\/wp\/v2\/pages\/35\/revisions\/425"}],"up":[{"embeddable":true,"href":"https:\/\/www.csolana.es\/es_ES\/wp-json\/wp\/v2\/pages\/7"}],"wp:attachment":[{"href":"https:\/\/www.csolana.es\/es_ES\/wp-json\/wp\/v2\/media?parent=35"}],"curies":[{"name":"wp","href":"https:\/\/api.w.org\/{rel}","templated":true}]}}