{"id":37,"date":"2014-10-29T17:52:42","date_gmt":"2014-10-29T16:52:42","guid":{"rendered":"http:\/\/www.csolana.es\/es_ES\/?page_id=37"},"modified":"2015-01-29T01:37:14","modified_gmt":"2015-01-29T00:37:14","slug":"electricidad","status":"publish","type":"page","link":"https:\/\/www.csolana.es\/es_ES\/servicios\/electricidad\/","title":{"rendered":"Electricidad"},"content":{"rendered":"<h2>Electricidad<\/h2>\n<p>&nbsp;<\/p>\n<ul>\n<li>Puntos de luz sencilla incluye mecanismo<\/li>\n<li>Punto de luz combinado, incluye mecanismo<\/li>\n<li>Tomas de televisi\u00f3n o tel\u00e9fono<\/li>\n<li>Suministro e Instalaci\u00f3n de Focos hal\u00f3genos.<\/li>\n<li>Puntos de enchufe<\/li>\n<li>Cambio de cuadro autom\u00e1tico<\/li>\n<li>Punto de soner\u00eda con timbre ding \u2013 dong<\/li>\n<\/ul>\n<p><a href=\"http:\/\/www.csolana.es\/es_ES\/wp-content\/uploads\/2014\/12\/simon.gif\"><img loading=\"lazy\" class=\"alignnone wp-image-204 size-full\" src=\"http:\/\/www.csolana.es\/es_ES\/wp-content\/uploads\/2014\/12\/simon.gif\" alt=\"simon\" width=\"168\" height=\"82\" \/><\/a>\u00a0 \u00a0<a href=\"http:\/\/www.csolana.es\/es_ES\/wp-content\/uploads\/2014\/12\/legrand.jpg\"><img loading=\"lazy\" class=\"alignnone wp-image-179 size-medium\" src=\"http:\/\/www.csolana.es\/es_ES\/wp-content\/uploads\/2014\/12\/legrand-300x82.jpg\" alt=\"legrand\" width=\"300\" height=\"82\" srcset=\"https:\/\/www.csolana.es\/es_ES\/wp-content\/uploads\/2014\/12\/legrand-300x82.jpg 300w, https:\/\/www.csolana.es\/es_ES\/wp-content\/uploads\/2014\/12\/legrand-250x69.jpg 250w, https:\/\/www.csolana.es\/es_ES\/wp-content\/uploads\/2014\/12\/legrand-150x41.jpg 150w, https:\/\/www.csolana.es\/es_ES\/wp-content\/uploads\/2014\/12\/legrand.jpg 427w\" sizes=\"(max-width: 300px) 100vw, 300px\" \/><\/a>\u00a0<a href=\"http:\/\/www.csolana.es\/es_ES\/wp-content\/uploads\/2014\/12\/bticinologo2.gif\"><img loading=\"lazy\" class=\"alignnone size-full wp-image-174\" src=\"http:\/\/www.csolana.es\/es_ES\/wp-content\/uploads\/2014\/12\/bticinologo2.gif\" alt=\"bticinologo2\" width=\"155\" height=\"30\" \/><\/a><\/p>\n<p>[metaslider id=355]<\/p>\n<p>&nbsp;<\/p>\n<p>&nbsp;<\/p>\n","protected":false},"excerpt":{"rendered":"<p>Electricidad &nbsp; Puntos de luz sencilla incluye mecanismo Punto de luz combinado, incluye mecanismo Tomas de televisi\u00f3n o tel\u00e9fono Suministro e Instalaci\u00f3n de Focos hal\u00f3genos. Puntos de enchufe Cambio de cuadro autom\u00e1tico Punto de soner\u00eda con timbre ding \u2013 dong \u00a0 \u00a0\u00a0 [metaslider id=355] &nbsp; &nbsp;<\/p>\n","protected":false},"author":1,"featured_media":0,"parent":7,"menu_order":0,"comment_status":"closed","ping_status":"closed","template":"template-full-width.php","meta":[],"_links":{"self":[{"href":"https:\/\/www.csolana.es\/es_ES\/wp-json\/wp\/v2\/pages\/37"}],"collection":[{"href":"https:\/\/www.csolana.es\/es_ES\/wp-json\/wp\/v2\/pages"}],"about":[{"href":"https:\/\/www.csolana.es\/es_ES\/wp-json\/wp\/v2\/types\/page"}],"author":[{"embeddable":true,"href":"https:\/\/www.csolana.es\/es_ES\/wp-json\/wp\/v2\/users\/1"}],"replies":[{"embeddable":true,"href":"https:\/\/www.csolana.es\/es_ES\/wp-json\/wp\/v2\/comments?post=37"}],"version-history":[{"count":9,"href":"https:\/\/www.csolana.es\/es_ES\/wp-json\/wp\/v2\/pages\/37\/revisions"}],"predecessor-version":[{"id":359,"href":"https:\/\/www.csolana.es\/es_ES\/wp-json\/wp\/v2\/pages\/37\/revisions\/359"}],"up":[{"embeddable":true,"href":"https:\/\/www.csolana.es\/es_ES\/wp-json\/wp\/v2\/pages\/7"}],"wp:attachment":[{"href":"https:\/\/www.csolana.es\/es_ES\/wp-json\/wp\/v2\/media?parent=37"}],"curies":[{"name":"wp","href":"https:\/\/api.w.org\/{rel}","templated":true}]}}