{"id":39,"date":"2014-10-29T17:52:54","date_gmt":"2014-10-29T16:52:54","guid":{"rendered":"http:\/\/www.csolana.es\/es_ES\/?page_id=39"},"modified":"2015-01-29T01:41:51","modified_gmt":"2015-01-29T00:41:51","slug":"fontaneria","status":"publish","type":"page","link":"https:\/\/www.csolana.es\/es_ES\/servicios\/fontaneria\/","title":{"rendered":"Fontaneria"},"content":{"rendered":"<h2>Fontaner\u00eda<\/h2>\n<ul>\n<li>Colocaci\u00f3n de Grifos con desag\u00fce autom\u00e1tico<\/li>\n<li>Montaje y desmontaje de inodoro o bid\u00e9<\/li>\n<li>Accesorios de ba\u00f1o conjunto hasta 6 ud. Piezas<\/li>\n<li>Instalaci\u00f3n de columnas de hidromasaje.<\/li>\n<li>Modificaci\u00f3n de tomas de agua.<\/li>\n<li>Cambio de ba\u00f1era por plato de ducha<\/li>\n<li>Suministro e Instalaci\u00f3n de Calderas.<\/li>\n<li>Modificaci\u00f3n de radiadores<\/li>\n<li>Sustituci\u00f3n de bajante de aguas pluviales o fluviales<\/li>\n<li>Instalaciones Sanitarias<\/li>\n<\/ul>\n<p>[metaslider id=361]<\/p>\n","protected":false},"excerpt":{"rendered":"<p>Fontaner\u00eda Colocaci\u00f3n de Grifos con desag\u00fce autom\u00e1tico Montaje y desmontaje de inodoro o bid\u00e9 Accesorios de ba\u00f1o conjunto hasta 6 ud. Piezas Instalaci\u00f3n de columnas de hidromasaje. Modificaci\u00f3n de tomas de agua. Cambio de ba\u00f1era por plato de ducha Suministro e Instalaci\u00f3n de Calderas. Modificaci\u00f3n de radiadores Sustituci\u00f3n de bajante de aguas pluviales o fluviales &#8230; <a title=\"Fontaneria\" class=\"read-more\" href=\"https:\/\/www.csolana.es\/es_ES\/servicios\/fontaneria\/\" aria-label=\"M\u00e1s en Fontaneria\">Leer m\u00e1s<\/a><\/p>\n","protected":false},"author":1,"featured_media":0,"parent":7,"menu_order":0,"comment_status":"closed","ping_status":"closed","template":"template-full-width.php","meta":[],"_links":{"self":[{"href":"https:\/\/www.csolana.es\/es_ES\/wp-json\/wp\/v2\/pages\/39"}],"collection":[{"href":"https:\/\/www.csolana.es\/es_ES\/wp-json\/wp\/v2\/pages"}],"about":[{"href":"https:\/\/www.csolana.es\/es_ES\/wp-json\/wp\/v2\/types\/page"}],"author":[{"embeddable":true,"href":"https:\/\/www.csolana.es\/es_ES\/wp-json\/wp\/v2\/users\/1"}],"replies":[{"embeddable":true,"href":"https:\/\/www.csolana.es\/es_ES\/wp-json\/wp\/v2\/comments?post=39"}],"version-history":[{"count":3,"href":"https:\/\/www.csolana.es\/es_ES\/wp-json\/wp\/v2\/pages\/39\/revisions"}],"predecessor-version":[{"id":362,"href":"https:\/\/www.csolana.es\/es_ES\/wp-json\/wp\/v2\/pages\/39\/revisions\/362"}],"up":[{"embeddable":true,"href":"https:\/\/www.csolana.es\/es_ES\/wp-json\/wp\/v2\/pages\/7"}],"wp:attachment":[{"href":"https:\/\/www.csolana.es\/es_ES\/wp-json\/wp\/v2\/media?parent=39"}],"curies":[{"name":"wp","href":"https:\/\/api.w.org\/{rel}","templated":true}]}}