{"id":5,"date":"2014-10-29T17:15:14","date_gmt":"2014-10-29T16:15:14","guid":{"rendered":"http:\/\/www.csolana.es\/es_ES\/?page_id=5"},"modified":"2020-06-05T13:19:08","modified_gmt":"2020-06-05T12:19:08","slug":"quienes-somos","status":"publish","type":"page","link":"https:\/\/www.csolana.es\/es_ES\/","title":{"rendered":"Quienes Somos"},"content":{"rendered":"<div id=\"pl-5\"  class=\"panel-layout\" >\n<div id=\"pg-5-0\"  class=\"panel-grid panel-no-style\"  data-style=\"{&quot;background_display&quot;:&quot;tile&quot;,&quot;cell_alignment&quot;:&quot;flex-start&quot;}\" >\n<div id=\"pgc-5-0-0\"  class=\"panel-grid-cell\"  data-weight=\"0.5\" >\n<div id=\"panel-5-0-0-0\" class=\"so-panel widget widget_sow-editor panel-first-child panel-last-child\" data-index=\"0\" data-style=\"{&quot;background_image_attachment&quot;:false,&quot;background_display&quot;:&quot;tile&quot;}\" >\n<div class=\"so-widget-sow-editor so-widget-sow-editor-base\">\n<div class=\"siteorigin-widget-tinymce textwidget\">\n<p style=\"text-align: center;\">[metaslider id=324]<\/p>\n<\/div>\n<\/div>\n<\/div>\n<\/div>\n<div id=\"pgc-5-0-1\"  class=\"panel-grid-cell\"  data-weight=\"0.5\" >\n<div id=\"panel-5-0-1-0\" class=\"so-panel widget widget_sow-editor panel-first-child panel-last-child\" data-index=\"1\" data-style=\"{&quot;background_display&quot;:&quot;tile&quot;}\" >\n<div class=\"so-widget-sow-editor so-widget-sow-editor-base\">\n<div class=\"siteorigin-widget-tinymce textwidget\">\n<p><a href=\"http:\/\/www.csolana.es\/es_ES\/?p=481\"><img loading=\"lazy\" class=\"wp-image-485  aligncenter\" src=\"http:\/\/www.csolana.es\/es_ES\/wp-content\/uploads\/2014\/10\/te-llamamos-gratis_300px.jpg\" alt=\"te-llamamos-gratis_300px\" width=\"386\" height=\"193\" \/><\/a><\/p>\n<\/div>\n<\/div>\n<\/div>\n<\/div>\n<\/div>\n<div id=\"pg-5-1\"  class=\"panel-grid panel-no-style\"  data-style=\"{&quot;background_display&quot;:&quot;tile&quot;,&quot;cell_alignment&quot;:&quot;flex-start&quot;}\"  data-ratio=\"1\"  data-ratio-direction=\"right\" >\n<div id=\"pgc-5-1-0\"  class=\"panel-grid-cell\"  data-weight=\"1\" >\n<div id=\"panel-5-1-0-0\" class=\"so-panel widget widget_sow-editor panel-first-child panel-last-child\" data-index=\"2\" data-style=\"{&quot;background_image_attachment&quot;:false,&quot;background_display&quot;:&quot;tile&quot;}\" >\n<div class=\"so-widget-sow-editor so-widget-sow-editor-base\">\n<div class=\"siteorigin-widget-tinymce textwidget\">\n<p><a href=\"https:\/\/www.csolana.es\/es_ES\/wp-content\/uploads\/2020\/06\/fachada.jpeg\"><img loading=\"lazy\" class=\"alignleft wp-image-747 \" src=\"https:\/\/www.csolana.es\/es_ES\/wp-content\/uploads\/2020\/06\/fachada-300x181.jpeg\" alt=\"fachada solana reformas\" width=\"341\" height=\"206\" srcset=\"https:\/\/www.csolana.es\/es_ES\/wp-content\/uploads\/2020\/06\/fachada-300x181.jpeg 300w, https:\/\/www.csolana.es\/es_ES\/wp-content\/uploads\/2020\/06\/fachada-768x463.jpeg 768w, https:\/\/www.csolana.es\/es_ES\/wp-content\/uploads\/2020\/06\/fachada-1024x617.jpeg 1024w, https:\/\/www.csolana.es\/es_ES\/wp-content\/uploads\/2020\/06\/fachada-640x386.jpeg 640w, https:\/\/www.csolana.es\/es_ES\/wp-content\/uploads\/2020\/06\/fachada.jpeg 1600w\" sizes=\"(max-width: 341px) 100vw, 341px\" \/><\/a><strong>Reformas econ\u00f3micas en San Blas, Reformas econ\u00f3micas en Las Rosas.<\/strong><\/p>\n<h3><\/h3>\n<h3><em>Organizamos, gestionamos y llevamos a cabo todo tipo de proyectos de r<\/em><em>eforma,<\/em><em>\u00a0rehabilitaci\u00f3n y obra nueva para clientes que desean renovar o\u00a0<\/em><em>mejorar su hogar o local comercial sin estr\u00e9s. Reformas econ\u00f3micas en Las Rosas y San Blas.<\/em><\/h3>\n<p>&nbsp;<\/p>\n<p>Disponemos de los profesionales y especialistas adecuados para cada proyecto y los reunimos en un equipo que realiza reformas a medida de cada cliente.<\/p>\n<p>Contamos con mano de obra cualificada que llevar\u00e1 acabo la reforma de su hogar, fontaneros, electricistas, t\u00e9cnicos de calefacci\u00f3n, carpinteros, ebanistas, oficiales, alba\u00f1iles, pintores&#8230;, todos ellos profesionales experimentados en sus respectivas especialidades.<\/p>\n<\/div>\n<\/div>\n<\/div>\n<\/div>\n<\/div>\n<\/div>\n","protected":false},"excerpt":{"rendered":"<p>[metaslider id=324] Reformas econ\u00f3micas en San Blas, Reformas econ\u00f3micas en Las Rosas. Organizamos, gestionamos y llevamos a cabo todo tipo de proyectos de reforma,\u00a0rehabilitaci\u00f3n y obra nueva para clientes que desean renovar o\u00a0mejorar su hogar o local comercial sin estr\u00e9s. Reformas econ\u00f3micas en Las Rosas y San Blas. &nbsp; Disponemos de los profesionales y especialistas &#8230; <a title=\"Quienes Somos\" class=\"read-more\" href=\"https:\/\/www.csolana.es\/es_ES\/\" aria-label=\"M\u00e1s en Quienes Somos\">Leer m\u00e1s<\/a><\/p>\n","protected":false},"author":1,"featured_media":0,"parent":0,"menu_order":0,"comment_status":"closed","ping_status":"closed","template":"","meta":[],"_links":{"self":[{"href":"https:\/\/www.csolana.es\/es_ES\/wp-json\/wp\/v2\/pages\/5"}],"collection":[{"href":"https:\/\/www.csolana.es\/es_ES\/wp-json\/wp\/v2\/pages"}],"about":[{"href":"https:\/\/www.csolana.es\/es_ES\/wp-json\/wp\/v2\/types\/page"}],"author":[{"embeddable":true,"href":"https:\/\/www.csolana.es\/es_ES\/wp-json\/wp\/v2\/users\/1"}],"replies":[{"embeddable":true,"href":"https:\/\/www.csolana.es\/es_ES\/wp-json\/wp\/v2\/comments?post=5"}],"version-history":[{"count":66,"href":"https:\/\/www.csolana.es\/es_ES\/wp-json\/wp\/v2\/pages\/5\/revisions"}],"predecessor-version":[{"id":749,"href":"https:\/\/www.csolana.es\/es_ES\/wp-json\/wp\/v2\/pages\/5\/revisions\/749"}],"wp:attachment":[{"href":"https:\/\/www.csolana.es\/es_ES\/wp-json\/wp\/v2\/media?parent=5"}],"curies":[{"name":"wp","href":"https:\/\/api.w.org\/{rel}","templated":true}]}}