{"id":60,"date":"2014-10-29T17:57:58","date_gmt":"2014-10-29T16:57:58","guid":{"rendered":"http:\/\/www.csolana.es\/es_ES\/?page_id=60"},"modified":"2015-02-08T18:46:57","modified_gmt":"2015-02-08T17:46:57","slug":"ventanas-de-aluminio-y-pvc","status":"publish","type":"page","link":"https:\/\/www.csolana.es\/es_ES\/productos\/ventanas-de-aluminio-y-pvc\/","title":{"rendered":"Ventanas de Aluminio y PVC"},"content":{"rendered":"<blockquote>\n<h3><a href=\"http:\/\/www.csolana.es\/es_ES\/wp-content\/uploads\/2014\/10\/ventana1.jpg\"><img loading=\"lazy\" class=\"  wp-image-499 alignright\" src=\"http:\/\/www.csolana.es\/es_ES\/wp-content\/uploads\/2014\/10\/ventana1.jpg\" alt=\"ventana1\" width=\"661\" height=\"378\" srcset=\"https:\/\/www.csolana.es\/es_ES\/wp-content\/uploads\/2014\/10\/ventana1.jpg 750w, https:\/\/www.csolana.es\/es_ES\/wp-content\/uploads\/2014\/10\/ventana1-300x172.jpg 300w\" sizes=\"(max-width: 661px) 100vw, 661px\" \/><\/a>Sus ventanas estar\u00e1n garantizadas con materiales de primera, le ofrecemos una amplia variedad de productos y acabados.<\/h3>\n<ul>\n<li>Perfiler\u00eda en serie Europea, RPT y<\/li>\n<li>Correderas.<\/li>\n<li>Abatibles.<\/li>\n<li>Oscilo batiente.<\/li>\n<li>Contraventanas.<\/li>\n<li>Rotura Puente T\u00e9rmico.<\/li>\n<li>Cerramientos de Terraza.<\/li>\n<li>Techos m\u00f3viles<\/li>\n<\/ul>\n<\/blockquote>\n","protected":false},"excerpt":{"rendered":"<p>Sus ventanas estar\u00e1n garantizadas con materiales de primera, le ofrecemos una amplia variedad de productos y acabados. Perfiler\u00eda en serie Europea, RPT y Correderas. Abatibles. Oscilo batiente. Contraventanas. Rotura Puente T\u00e9rmico. Cerramientos de Terraza. Techos m\u00f3viles<\/p>\n","protected":false},"author":1,"featured_media":0,"parent":9,"menu_order":0,"comment_status":"closed","ping_status":"closed","template":"","meta":[],"_links":{"self":[{"href":"https:\/\/www.csolana.es\/es_ES\/wp-json\/wp\/v2\/pages\/60"}],"collection":[{"href":"https:\/\/www.csolana.es\/es_ES\/wp-json\/wp\/v2\/pages"}],"about":[{"href":"https:\/\/www.csolana.es\/es_ES\/wp-json\/wp\/v2\/types\/page"}],"author":[{"embeddable":true,"href":"https:\/\/www.csolana.es\/es_ES\/wp-json\/wp\/v2\/users\/1"}],"replies":[{"embeddable":true,"href":"https:\/\/www.csolana.es\/es_ES\/wp-json\/wp\/v2\/comments?post=60"}],"version-history":[{"count":6,"href":"https:\/\/www.csolana.es\/es_ES\/wp-json\/wp\/v2\/pages\/60\/revisions"}],"predecessor-version":[{"id":501,"href":"https:\/\/www.csolana.es\/es_ES\/wp-json\/wp\/v2\/pages\/60\/revisions\/501"}],"up":[{"embeddable":true,"href":"https:\/\/www.csolana.es\/es_ES\/wp-json\/wp\/v2\/pages\/9"}],"wp:attachment":[{"href":"https:\/\/www.csolana.es\/es_ES\/wp-json\/wp\/v2\/media?parent=60"}],"curies":[{"name":"wp","href":"https:\/\/api.w.org\/{rel}","templated":true}]}}