{"id":64,"date":"2014-10-29T17:58:25","date_gmt":"2014-10-29T16:58:25","guid":{"rendered":"http:\/\/www.csolana.es\/es_ES\/?page_id=64"},"modified":"2015-02-08T19:57:52","modified_gmt":"2015-02-08T18:57:52","slug":"mamparas-de-bano","status":"publish","type":"page","link":"https:\/\/www.csolana.es\/es_ES\/productos\/mamparas-de-bano\/","title":{"rendered":"Mamparas de ba\u00f1o"},"content":{"rendered":"<table>\n<tbody>\n<tr>\n<td>\n<h3>Las mamparas de ba\u00f1o han tomado una importancia significativa en los<br \/>\ncuartos de ba\u00f1o de nuestros hogares, tanto as\u00ed que ponemos a su alcance<br \/>\nun sinf\u00edn de modelos, serigraf\u00edas, perfiler\u00eda con cristal templado en<br \/>\ntodos sus acabados para dar realce al ambiente de su ba\u00f1o.<\/h3>\n<ul>\n<li>Mamparas correderas y deslizantes<\/li>\n<li>Mamparas abatibles<\/li>\n<li>Mamparas plegables<\/li>\n<li>Mamparas adaptadas<\/li>\n<li>Paneles de ba\u00f1o y duchas<\/li>\n<li>Hojas fijas<\/li>\n<li>Armarios de Ba\u00f1o correderas y abatibles<\/li>\n<\/ul>\n<\/td>\n<td>&nbsp;<\/p>\n<p>[metaslider id=551]<\/td>\n<\/tr>\n<\/tbody>\n<\/table>\n","protected":false},"excerpt":{"rendered":"<p>Las mamparas de ba\u00f1o han tomado una importancia significativa en los cuartos de ba\u00f1o de nuestros hogares, tanto as\u00ed que ponemos a su alcance un sinf\u00edn de modelos, serigraf\u00edas, perfiler\u00eda con cristal templado en todos sus acabados para dar realce al ambiente de su ba\u00f1o. Mamparas correderas y deslizantes Mamparas abatibles Mamparas plegables Mamparas adaptadas &#8230; <a title=\"Mamparas de ba\u00f1o\" class=\"read-more\" href=\"https:\/\/www.csolana.es\/es_ES\/productos\/mamparas-de-bano\/\" aria-label=\"M\u00e1s en Mamparas de ba\u00f1o\">Leer m\u00e1s<\/a><\/p>\n","protected":false},"author":1,"featured_media":0,"parent":9,"menu_order":0,"comment_status":"closed","ping_status":"closed","template":"","meta":[],"_links":{"self":[{"href":"https:\/\/www.csolana.es\/es_ES\/wp-json\/wp\/v2\/pages\/64"}],"collection":[{"href":"https:\/\/www.csolana.es\/es_ES\/wp-json\/wp\/v2\/pages"}],"about":[{"href":"https:\/\/www.csolana.es\/es_ES\/wp-json\/wp\/v2\/types\/page"}],"author":[{"embeddable":true,"href":"https:\/\/www.csolana.es\/es_ES\/wp-json\/wp\/v2\/users\/1"}],"replies":[{"embeddable":true,"href":"https:\/\/www.csolana.es\/es_ES\/wp-json\/wp\/v2\/comments?post=64"}],"version-history":[{"count":6,"href":"https:\/\/www.csolana.es\/es_ES\/wp-json\/wp\/v2\/pages\/64\/revisions"}],"predecessor-version":[{"id":558,"href":"https:\/\/www.csolana.es\/es_ES\/wp-json\/wp\/v2\/pages\/64\/revisions\/558"}],"up":[{"embeddable":true,"href":"https:\/\/www.csolana.es\/es_ES\/wp-json\/wp\/v2\/pages\/9"}],"wp:attachment":[{"href":"https:\/\/www.csolana.es\/es_ES\/wp-json\/wp\/v2\/media?parent=64"}],"curies":[{"name":"wp","href":"https:\/\/api.w.org\/{rel}","templated":true}]}}