{"id":66,"date":"2014-10-29T17:58:39","date_gmt":"2014-10-29T16:58:39","guid":{"rendered":"http:\/\/www.csolana.es\/es_ES\/?page_id=66"},"modified":"2015-02-08T20:01:06","modified_gmt":"2015-02-08T19:01:06","slug":"muebles-de-bano","status":"publish","type":"page","link":"https:\/\/www.csolana.es\/es_ES\/productos\/muebles-de-bano\/","title":{"rendered":"Muebles de ba\u00f1o"},"content":{"rendered":"<table>\n<tbody>\n<tr>\n<td>\n<h3>El mobiliario de ba\u00f1o le dar\u00e1 m\u00e1s realce a ese espacio de la casa, muebles<br \/>\na su medida, adaptados a sus necesidades dise\u00f1o y calidad puestos a su<br \/>\ndisposici\u00f3n, nuestros fabricantes los mejores.<\/h3>\n<ul>\n<li>Muebles compactos a suelo<\/li>\n<li>Muebles Auxiliares y de colgar<\/li>\n<li>Muebles de De Ba\u00f1o a Medida<\/li>\n<li>Columnas Suspendidas y a suelo<\/li>\n<\/ul>\n<\/td>\n<td>&nbsp;<\/p>\n<p>[metaslider id=560]<\/td>\n<\/tr>\n<\/tbody>\n<\/table>\n<h3><\/h3>\n","protected":false},"excerpt":{"rendered":"<p>El mobiliario de ba\u00f1o le dar\u00e1 m\u00e1s realce a ese espacio de la casa, muebles a su medida, adaptados a sus necesidades dise\u00f1o y calidad puestos a su disposici\u00f3n, nuestros fabricantes los mejores. Muebles compactos a suelo Muebles Auxiliares y de colgar Muebles de De Ba\u00f1o a Medida Columnas Suspendidas y a suelo &nbsp; [metaslider &#8230; <a title=\"Muebles de ba\u00f1o\" class=\"read-more\" href=\"https:\/\/www.csolana.es\/es_ES\/productos\/muebles-de-bano\/\" aria-label=\"M\u00e1s en Muebles de ba\u00f1o\">Leer m\u00e1s<\/a><\/p>\n","protected":false},"author":1,"featured_media":0,"parent":9,"menu_order":0,"comment_status":"closed","ping_status":"closed","template":"template-full-width.php","meta":[],"_links":{"self":[{"href":"https:\/\/www.csolana.es\/es_ES\/wp-json\/wp\/v2\/pages\/66"}],"collection":[{"href":"https:\/\/www.csolana.es\/es_ES\/wp-json\/wp\/v2\/pages"}],"about":[{"href":"https:\/\/www.csolana.es\/es_ES\/wp-json\/wp\/v2\/types\/page"}],"author":[{"embeddable":true,"href":"https:\/\/www.csolana.es\/es_ES\/wp-json\/wp\/v2\/users\/1"}],"replies":[{"embeddable":true,"href":"https:\/\/www.csolana.es\/es_ES\/wp-json\/wp\/v2\/comments?post=66"}],"version-history":[{"count":10,"href":"https:\/\/www.csolana.es\/es_ES\/wp-json\/wp\/v2\/pages\/66\/revisions"}],"predecessor-version":[{"id":561,"href":"https:\/\/www.csolana.es\/es_ES\/wp-json\/wp\/v2\/pages\/66\/revisions\/561"}],"up":[{"embeddable":true,"href":"https:\/\/www.csolana.es\/es_ES\/wp-json\/wp\/v2\/pages\/9"}],"wp:attachment":[{"href":"https:\/\/www.csolana.es\/es_ES\/wp-json\/wp\/v2\/media?parent=66"}],"curies":[{"name":"wp","href":"https:\/\/api.w.org\/{rel}","templated":true}]}}