{"id":68,"date":"2014-10-29T17:59:03","date_gmt":"2014-10-29T16:59:03","guid":{"rendered":"http:\/\/www.csolana.es\/es_ES\/?page_id=68"},"modified":"2015-02-08T20:06:08","modified_gmt":"2015-02-08T19:06:08","slug":"porcelana-sanitaria-y-griferia","status":"publish","type":"page","link":"https:\/\/www.csolana.es\/es_ES\/productos\/porcelana-sanitaria-y-griferia\/","title":{"rendered":"Porcelana Sanitaria y Grifer\u00eda"},"content":{"rendered":"<table>\n<tbody>\n<tr>\n<td>\n<h3>Trabajamos con los mejores fabricantes de porcelana sanitaria y grifer\u00eda por<br \/>\nlo que garantizamos y le asesoramos en este sentido para elegir la mejor opci\u00f3n<br \/>\nsomos distribuidores de: Roca, Jacob de la Fon, ideal Standard, Gala, Bellavista,<br \/>\nFiora, etc.<\/h3>\n<ul>\n<li>inodoros, bid\u00e9s<\/li>\n<li>lavabos pedestal y semipedestal<\/li>\n<li>lavabos murales y sobrencimera.<\/li>\n<li>platos de ducha (cer\u00e1micos, acr\u00edlicos y de s\u00edlex.)<\/li>\n<li>accesorios y complementos.<\/li>\n<li>grifer\u00eda de ducha empotradas<\/li>\n<li>grifer\u00eda (termostatos, monomandos, conjuntos de ducha, etc.)<\/li>\n<li>columnas de hidromasaje (monomando y termost\u00e1tica)<\/li>\n<li>sanitarios y complementos para personas con movilidad<\/li>\n<li>reducida etc.<\/li>\n<\/ul>\n<\/td>\n<td>&nbsp;<\/p>\n<p>[metaslider id=563]<\/td>\n<\/tr>\n<\/tbody>\n<\/table>\n<h3><\/h3>\n","protected":false},"excerpt":{"rendered":"<p>Trabajamos con los mejores fabricantes de porcelana sanitaria y grifer\u00eda por lo que garantizamos y le asesoramos en este sentido para elegir la mejor opci\u00f3n somos distribuidores de: Roca, Jacob de la Fon, ideal Standard, Gala, Bellavista, Fiora, etc. inodoros, bid\u00e9s lavabos pedestal y semipedestal lavabos murales y sobrencimera. platos de ducha (cer\u00e1micos, acr\u00edlicos y &#8230; <a title=\"Porcelana Sanitaria y Grifer\u00eda\" class=\"read-more\" href=\"https:\/\/www.csolana.es\/es_ES\/productos\/porcelana-sanitaria-y-griferia\/\" aria-label=\"M\u00e1s en Porcelana Sanitaria y Grifer\u00eda\">Leer m\u00e1s<\/a><\/p>\n","protected":false},"author":1,"featured_media":0,"parent":9,"menu_order":0,"comment_status":"closed","ping_status":"closed","template":"template-full-width.php","meta":[],"_links":{"self":[{"href":"https:\/\/www.csolana.es\/es_ES\/wp-json\/wp\/v2\/pages\/68"}],"collection":[{"href":"https:\/\/www.csolana.es\/es_ES\/wp-json\/wp\/v2\/pages"}],"about":[{"href":"https:\/\/www.csolana.es\/es_ES\/wp-json\/wp\/v2\/types\/page"}],"author":[{"embeddable":true,"href":"https:\/\/www.csolana.es\/es_ES\/wp-json\/wp\/v2\/users\/1"}],"replies":[{"embeddable":true,"href":"https:\/\/www.csolana.es\/es_ES\/wp-json\/wp\/v2\/comments?post=68"}],"version-history":[{"count":5,"href":"https:\/\/www.csolana.es\/es_ES\/wp-json\/wp\/v2\/pages\/68\/revisions"}],"predecessor-version":[{"id":564,"href":"https:\/\/www.csolana.es\/es_ES\/wp-json\/wp\/v2\/pages\/68\/revisions\/564"}],"up":[{"embeddable":true,"href":"https:\/\/www.csolana.es\/es_ES\/wp-json\/wp\/v2\/pages\/9"}],"wp:attachment":[{"href":"https:\/\/www.csolana.es\/es_ES\/wp-json\/wp\/v2\/media?parent=68"}],"curies":[{"name":"wp","href":"https:\/\/api.w.org\/{rel}","templated":true}]}}