{"id":73,"date":"2014-10-29T17:59:34","date_gmt":"2014-10-29T16:59:34","guid":{"rendered":"http:\/\/www.csolana.es\/es_ES\/?page_id=73"},"modified":"2015-02-08T21:28:00","modified_gmt":"2015-02-08T20:28:00","slug":"pavimentos-termicos","status":"publish","type":"page","link":"https:\/\/www.csolana.es\/es_ES\/productos\/pavimentos-termicos\/","title":{"rendered":"Pavimentos t\u00e9rmicos"},"content":{"rendered":"<table>\n<tbody>\n<tr>\n<td>\n<ul>\n<li>Sumideros<\/li>\n<li>Revestimiento Mural<\/li>\n<li>Pavimentos Vinilicos<\/li>\n<li>Pavimentos Deportivos<\/li>\n<li>Pavimentos De Caucho<\/li>\n<li>Moquetas Alto Tr\u00e1nsito<\/li>\n<li>Mantenimiento De Pavimentos<\/li>\n<li>Lin\u00f3leo<\/li>\n<li>Complementos<\/li>\n<li>C\u00e9sped Deportivo<\/li>\n<li>Barreras Antisuciedad<\/li>\n<li>Accesorios<\/li>\n<\/ul>\n<\/td>\n<td>\u00a0[metaslider id=568]<\/td>\n<\/tr>\n<\/tbody>\n<\/table>\n","protected":false},"excerpt":{"rendered":"<p>Sumideros Revestimiento Mural Pavimentos Vinilicos Pavimentos Deportivos Pavimentos De Caucho Moquetas Alto Tr\u00e1nsito Mantenimiento De Pavimentos Lin\u00f3leo Complementos C\u00e9sped Deportivo Barreras Antisuciedad Accesorios \u00a0[metaslider id=568]<\/p>\n","protected":false},"author":1,"featured_media":0,"parent":9,"menu_order":0,"comment_status":"closed","ping_status":"closed","template":"","meta":[],"_links":{"self":[{"href":"https:\/\/www.csolana.es\/es_ES\/wp-json\/wp\/v2\/pages\/73"}],"collection":[{"href":"https:\/\/www.csolana.es\/es_ES\/wp-json\/wp\/v2\/pages"}],"about":[{"href":"https:\/\/www.csolana.es\/es_ES\/wp-json\/wp\/v2\/types\/page"}],"author":[{"embeddable":true,"href":"https:\/\/www.csolana.es\/es_ES\/wp-json\/wp\/v2\/users\/1"}],"replies":[{"embeddable":true,"href":"https:\/\/www.csolana.es\/es_ES\/wp-json\/wp\/v2\/comments?post=73"}],"version-history":[{"count":5,"href":"https:\/\/www.csolana.es\/es_ES\/wp-json\/wp\/v2\/pages\/73\/revisions"}],"predecessor-version":[{"id":570,"href":"https:\/\/www.csolana.es\/es_ES\/wp-json\/wp\/v2\/pages\/73\/revisions\/570"}],"up":[{"embeddable":true,"href":"https:\/\/www.csolana.es\/es_ES\/wp-json\/wp\/v2\/pages\/9"}],"wp:attachment":[{"href":"https:\/\/www.csolana.es\/es_ES\/wp-json\/wp\/v2\/media?parent=73"}],"curies":[{"name":"wp","href":"https:\/\/api.w.org\/{rel}","templated":true}]}}